{"id":3805,"date":"2022-11-15T10:37:31","date_gmt":"2022-11-15T09:37:31","guid":{"rendered":"https:\/\/jednostki.uksw.edu.pl\/radio\/redakcja\/"},"modified":"2026-02-23T12:31:21","modified_gmt":"2026-02-23T11:31:21","slug":"redakcja","status":"publish","type":"page","link":"https:\/\/radio.uksw.edu.pl\/redakcja\/","title":{"rendered":"Redakcja"},"content":{"rendered":"\n<h2 class=\"wp-block-heading\">Redakcja:<\/h2>\n\n\n\r\n<div class=\"\">\r\n\r\n                                    \r\n                            \r\n            <div class=\"col-xl-12 col-lg-12 col-md-12 col-sm-12 text_all\">\r\n\r\n                                    <div class=\"grey_box_logo\"> <\/div>\r\n                                                <div class=\"grey_box blue_bottom\">\r\n                                                        <div class=\"grey_box_img\"><img decoding=\"async\" src=\"https:\/\/radio.uksw.edu.pl\/wp-content\/uploads\/sites\/32\/2022\/11\/Ania-P-288x300.png\" alt=\"\"><\/div>\r\n                            \r\n                            <div class=\"grey_box_text\">\r\n                                <div class=\"title blue_title\">Redaktor Naczelna<\/div>\r\n                                <div class=\"sub_title\">Anna Gawro\u0144ska-Piotrowska<\/div>\r\n\r\n                                                            <\/div>\r\n\r\n                        <\/div>\r\n\r\n                    \r\n            \r\n                   <div class=\"space_20\"><\/div>\r\n\r\n\r\n            <\/div>\r\n        \r\n<\/div>\r\n \n\n\r\n<div class=\"\">\r\n\r\n<div class=\"row\">\r\n\r\n  \r\n\r\n\r\n     <div class=\"col-xl-12 col-lg-6 col-md-12 col-sm-12 project\">\r\n\t\t\t<div class=\"contact_box project_box\">\r\n\t\t\t<div class=\"headingh2\">G\u0142\u00f3wny monta\u017cysta<\/div>\r\n\t\t\t<div class=\"headingh3\">Konrad Abramek Abramowicz<\/div><br>\r\n\r\n\r\n\t\t\t\t\t\t<\/div>\r\n    <\/div>\r\n\r\n\t\r\n\t \r\n\r\n\r\n<\/div>\r\n  \r\n<\/div>\r\n\n\n\r\n<div class=\"\">\r\n\r\n<div class=\"row\">\r\n\r\n  \r\n\r\n\r\n     <div class=\"col-xl-12 col-lg-6 col-md-12 col-sm-12 project\">\r\n\t\t\t<div class=\"contact_box project_box\">\r\n\t\t\t<div class=\"headingh2\">Realizacja d\u017awi\u0119kowa<\/div>\r\n\t\t\t<div class=\"headingh3\">Jan Wiencek<\/div><br>\r\n\r\n\r\n\t\t\t\t\t\t<\/div>\r\n    <\/div>\r\n\r\n\t\r\n\t \r\n\r\n\r\n<\/div>\r\n  \r\n<\/div>\r\n\n\n\n<h2 class=\"wp-block-heading\">Wydawcy dzia\u0142\u00f3w:<\/h2>\n\n\n\r\n<div class=\"\">\r\n\r\n<div class=\"row\">\r\n\r\n  \r\n\r\n\r\n     <div class=\"col-xl-12 col-lg-6 col-md-12 col-sm-12 project\">\r\n\t\t\t<div class=\"contact_box project_box\">\r\n\t\t\t<div class=\"headingh2\">Redakcja spo\u0142eczna<\/div>\r\n\t\t\t<div class=\"headingh3\">Wydawca: Ania Bia\u0142ek<\/div><br>\r\n\r\n\r\n\t\t\t\t\t\t<\/div>\r\n    <\/div>\r\n\r\n\t\r\n\t \r\n\r\n\r\n<\/div>\r\n  \r\n<\/div>\r\n\n\n\r\n<div class=\"\">\r\n\r\n<div class=\"row\">\r\n\r\n  \r\n\r\n\r\n     <div class=\"col-xl-12 col-lg-6 col-md-12 col-sm-12 project\">\r\n\t\t\t<div class=\"contact_box project_box\">\r\n\t\t\t<div class=\"headingh2\">Redakcja kulturalna<\/div>\r\n\t\t\t<div class=\"headingh3\">Wydawcy: Zofia Suwa\u0142a i Magdalena Dy\u0107<\/div><br>\r\n\r\n\r\n\t\t\t\t\t\t<\/div>\r\n    <\/div>\r\n\r\n\t\r\n\t \r\n\r\n\r\n<\/div>\r\n  \r\n<\/div>\r\n\n\n\r\n<div class=\"\">\r\n\r\n<div class=\"row\">\r\n\r\n  \r\n\r\n\r\n     <div class=\"col-xl-12 col-lg-6 col-md-12 col-sm-12 project\">\r\n\t\t\t<div class=\"contact_box project_box\">\r\n\t\t\t<div class=\"headingh2\">Redakcja muzyczna<\/div>\r\n\t\t\t<div class=\"headingh3\">Wydawca: Maja Borkowska<\/div><br>\r\n\r\n\r\n\t\t\t\t\t\t<\/div>\r\n    <\/div>\r\n\r\n\t\r\n\t \r\n\r\n\r\n<\/div>\r\n  \r\n<\/div>\r\n\n\n\r\n<div class=\"\">\r\n\r\n<div class=\"row\">\r\n\r\n  \r\n\r\n\r\n     <div class=\"col-xl-12 col-lg-6 col-md-12 col-sm-12 project\">\r\n\t\t\t<div class=\"contact_box project_box\">\r\n\t\t\t<div class=\"headingh2\">Redakcja sportowa<\/div>\r\n\t\t\t<div class=\"headingh3\">Wydawca: Jakub Koz\u0142owski<\/div><br>\r\n\r\n\r\n\t\t\t\t\t\t<\/div>\r\n    <\/div>\r\n\r\n\t\r\n\t \r\n\r\n\r\n<\/div>\r\n  \r\n<\/div>\r\n\n\n\n<p><\/p>\n","protected":false},"excerpt":{"rendered":"<p>Redakcja: Wydawcy dzia\u0142\u00f3w:<\/p>\n","protected":false},"author":1,"featured_media":4716,"parent":0,"menu_order":11,"comment_status":"closed","ping_status":"closed","template":"page-templates\/template-sub-page.php","meta":{"_acf_changed":false,"inline_featured_image":false,"footnotes":"","_links_to":"","_links_to_target":""},"class_list":["post-3805","page","type-page","status-publish","has-post-thumbnail","hentry"],"acf":[],"_links":{"self":[{"href":"https:\/\/radio.uksw.edu.pl\/pl\/wp-json\/wp\/v2\/pages\/3805","targetHints":{"allow":["GET"]}}],"collection":[{"href":"https:\/\/radio.uksw.edu.pl\/pl\/wp-json\/wp\/v2\/pages"}],"about":[{"href":"https:\/\/radio.uksw.edu.pl\/pl\/wp-json\/wp\/v2\/types\/page"}],"author":[{"embeddable":true,"href":"https:\/\/radio.uksw.edu.pl\/pl\/wp-json\/wp\/v2\/users\/1"}],"replies":[{"embeddable":true,"href":"https:\/\/radio.uksw.edu.pl\/pl\/wp-json\/wp\/v2\/comments?post=3805"}],"version-history":[{"count":57,"href":"https:\/\/radio.uksw.edu.pl\/pl\/wp-json\/wp\/v2\/pages\/3805\/revisions"}],"predecessor-version":[{"id":6125,"href":"https:\/\/radio.uksw.edu.pl\/pl\/wp-json\/wp\/v2\/pages\/3805\/revisions\/6125"}],"wp:featuredmedia":[{"embeddable":true,"href":"https:\/\/radio.uksw.edu.pl\/pl\/wp-json\/wp\/v2\/media\/4716"}],"wp:attachment":[{"href":"https:\/\/radio.uksw.edu.pl\/pl\/wp-json\/wp\/v2\/media?parent=3805"}],"curies":[{"name":"wp","href":"https:\/\/api.w.org\/{rel}","templated":true}]}}