{"id":3804,"date":"2022-11-15T10:37:31","date_gmt":"2022-11-15T09:37:31","guid":{"rendered":"https:\/\/jednostki.uksw.edu.pl\/radio\/sluchaj-online\/"},"modified":"2025-11-18T12:31:35","modified_gmt":"2025-11-18T11:31:35","slug":"sluchaj-online","status":"publish","type":"page","link":"https:\/\/radio.uksw.edu.pl\/sluchaj-online\/","title":{"rendered":"S\u0142uchaj online"},"content":{"rendered":"\n<p>Mo\u017cesz nas s\u0142ucha\u0107 klikaj\u0105c na&nbsp;nag\u0142\u00f3wku strony (S\u0142uchaj nas na&nbsp;\u017cywo) lub za&nbsp;pomoc\u0105 poni\u017cszego odtwarzacza:<\/p>\n\n\n\n<div class=\"wp-block-columns\">\n<div class=\"wp-block-column\">\n<figure class=\"wp-block-audio\"><audio controls src=\"https:\/\/stream2.technologicznie.net\/radio_uksw.mp3\"><\/audio><\/figure>\n<\/div>\n\n\n\n<div class=\"wp-block-column\"><\/div>\n<\/div>\n\n\n\n<p>Przegapi\u0142e\u015b nasz\u0105 audycj\u0119? Bez stresu! Pos\u0142uchaj naszych nagranych audycji na <a href=\"https:\/\/open.spotify.com\/show\/0CdFg7w4xNiLmtr7DyRZqO?si=c9135187daa14739\" data-type=\"link\" data-id=\"https:\/\/open.spotify.com\/show\/0CdFg7w4xNiLmtr7DyRZqO?si=c9135187daa14739\">Spotify<\/a> lub <a href=\"https:\/\/youtube.com\/@radiouksw?si=eWW8R7Aok6mtdUhW\" data-type=\"link\" data-id=\"https:\/\/youtube.com\/@radiouksw?si=eWW8R7Aok6mtdUhW\">Youtube<\/a>!<\/p>\n\n\n\n<p><\/p>\n","protected":false},"excerpt":{"rendered":"<p>Mo\u017cesz nas s\u0142ucha\u0107 klikaj\u0105c na&nbsp;nag\u0142\u00f3wku strony (S\u0142uchaj nas na&nbsp;\u017cywo) lub za&nbsp;pomoc\u0105 poni\u017cszego odtwarzacza: Przegapi\u0142e\u015b nasz\u0105 audycj\u0119? Bez stresu! Pos\u0142uchaj naszych nagranych audycji na Spotify lub Youtube!<\/p>\n","protected":false},"author":1,"featured_media":4741,"parent":0,"menu_order":10,"comment_status":"closed","ping_status":"closed","template":"page-templates\/template-sub-page.php","meta":{"_acf_changed":false,"inline_featured_image":false,"footnotes":"","_links_to":"","_links_to_target":""},"class_list":["post-3804","page","type-page","status-publish","has-post-thumbnail","hentry"],"acf":[],"_links":{"self":[{"href":"https:\/\/radio.uksw.edu.pl\/pl\/wp-json\/wp\/v2\/pages\/3804","targetHints":{"allow":["GET"]}}],"collection":[{"href":"https:\/\/radio.uksw.edu.pl\/pl\/wp-json\/wp\/v2\/pages"}],"about":[{"href":"https:\/\/radio.uksw.edu.pl\/pl\/wp-json\/wp\/v2\/types\/page"}],"author":[{"embeddable":true,"href":"https:\/\/radio.uksw.edu.pl\/pl\/wp-json\/wp\/v2\/users\/1"}],"replies":[{"embeddable":true,"href":"https:\/\/radio.uksw.edu.pl\/pl\/wp-json\/wp\/v2\/comments?post=3804"}],"version-history":[{"count":33,"href":"https:\/\/radio.uksw.edu.pl\/pl\/wp-json\/wp\/v2\/pages\/3804\/revisions"}],"predecessor-version":[{"id":6103,"href":"https:\/\/radio.uksw.edu.pl\/pl\/wp-json\/wp\/v2\/pages\/3804\/revisions\/6103"}],"wp:featuredmedia":[{"embeddable":true,"href":"https:\/\/radio.uksw.edu.pl\/pl\/wp-json\/wp\/v2\/media\/4741"}],"wp:attachment":[{"href":"https:\/\/radio.uksw.edu.pl\/pl\/wp-json\/wp\/v2\/media?parent=3804"}],"curies":[{"name":"wp","href":"https:\/\/api.w.org\/{rel}","templated":true}]}}