{"id":3803,"date":"2022-11-15T10:37:30","date_gmt":"2022-11-15T09:37:30","guid":{"rendered":"https:\/\/jednostki.uksw.edu.pl\/radio\/czas-to-milosc\/"},"modified":"2022-12-22T08:54:43","modified_gmt":"2022-12-22T07:54:43","slug":"czas-to-milosc","status":"publish","type":"page","link":"https:\/\/radio.uksw.edu.pl\/czas-to-milosc\/","title":{"rendered":"Czas to mi\u0142o\u015b\u0107"},"content":{"rendered":"   <div class=\"\">\n\n\n<div class=\"news_page\">\n                <div class=\"container\"> \n                        <div class=\"row\">\n                                <div class=\"col-xl-10 col-lg-10 col-md-9 col-sm-12\">\n                                        <div class=\"heading_bg_in1\">\n                                        <div class=\"headingh2\"><\/div>\n                                        <\/div>\n                                <\/div>\n                                <div class=\"col-xl-2 col-lg-2 col-md-3 col-sm-12\">\n                                                                    <\/div>\n                        <\/div>\n\n                        <div class=\"row\">\n                                                 \n\n                                    \n\n                       <div class=\"col-xxl-4 col-xl-6 col-lg-6 col-md-12 col-sm-12 project\">\n                          <a href=\"https:\/\/radio.uksw.edu.pl\/?post_type=post&#038;p=3605\">\n                                <div class=\"image_container project_box\">\n                                    <img decoding=\"async\" src=\"https:\/\/radio.uksw.edu.pl\/wp-content\/uploads\/sites\/32\/2021\/09\/Europa-jaka-widzial-prymas-1-507x388.png\" class=\"image_inner\" alt=\"\">\n                                        <div class=\"overlay\">\n                                            <div class=\"text\">\n                                                <div class=\"text1\">Audycja z cyklu \u201eCzas to Mi\u0142o\u015b\u0107\u201d \u2013 go\u015b\u0107 ks. dr hab&#8230;.<\/div>\n                                                <div class=\"text2\">audio::-webkit-media-controls-panel { background-color:#f28b50;}<\/div>\n                                            <\/div>\n                                        <\/div>\n                                <\/div>\n                                <\/a>\n                          <\/div>\n\n                                       \n\n                                        \n\n                       <div class=\"col-xxl-4 col-xl-6 col-lg-6 col-md-12 col-sm-12 project\">\n                          <a href=\"https:\/\/radio.uksw.edu.pl\/?post_type=post&#038;p=3607\">\n                                <div class=\"image_container project_box\">\n                                    <img decoding=\"async\" src=\"https:\/\/radio.uksw.edu.pl\/wp-content\/uploads\/sites\/32\/2021\/09\/Kard.-Wyszynski-jak-pokonal-komune-23.06.2021-1-507x388.png\" class=\"image_inner\" alt=\"\">\n                                        <div class=\"overlay\">\n                                            <div class=\"text\">\n                                                <div class=\"text1\">Audycja z cyklu \u201eCzas to Mi\u0142o\u015b\u0107\u201d \u2013 go\u015b\u0107 prof. Jan&#8230;<\/div>\n                                                <div class=\"text2\">audio::-webkit-media-controls-panel { background-color:#f28b50;}<\/div>\n                                            <\/div>\n                                        <\/div>\n                                <\/div>\n                                <\/a>\n                          <\/div>\n\n                                       \n\n                                        \n\n                       <div class=\"col-xxl-4 col-xl-6 col-lg-6 col-md-12 col-sm-12 project\">\n                          <a href=\"https:\/\/radio.uksw.edu.pl\/?post_type=post&#038;p=3592\">\n                                <div class=\"image_container project_box\">\n                                    <img decoding=\"async\" src=\"https:\/\/radio.uksw.edu.pl\/wp-content\/uploads\/sites\/32\/2021\/05\/Bez-nazwy-1-1-507x388.png\" class=\"image_inner\" alt=\"\">\n                                        <div class=\"overlay\">\n                                            <div class=\"text\">\n                                                <div class=\"text1\">Audycja z cyklu \u201eCzas to Mi\u0142o\u015b\u0107\u201d \u2013 go\u015b\u0107 ks. prof. ucz,&#8230;<\/div>\n                                                <div class=\"text2\">audio::-webkit-media-controls-panel { background-color:#f28b50;}<\/div>\n                                            <\/div>\n                                        <\/div>\n                                <\/div>\n                                <\/a>\n                          <\/div>\n\n                                       \n\n                                        \n                                        <div class=\"col-xl-12\">\n                                                                                                                            <\/div>\n                            \n                        <\/div>\n\n\n                <\/div>\n        <\/div>\n\n\n<\/div>\n","protected":false},"excerpt":{"rendered":"","protected":false},"author":1,"featured_media":4739,"parent":0,"menu_order":9,"comment_status":"closed","ping_status":"closed","template":"page-templates\/template-sub-page.php","meta":{"_acf_changed":false,"inline_featured_image":false,"footnotes":"","_links_to":"","_links_to_target":""},"class_list":["post-3803","page","type-page","status-publish","has-post-thumbnail","hentry"],"acf":[],"_links":{"self":[{"href":"https:\/\/radio.uksw.edu.pl\/pl\/wp-json\/wp\/v2\/pages\/3803","targetHints":{"allow":["GET"]}}],"collection":[{"href":"https:\/\/radio.uksw.edu.pl\/pl\/wp-json\/wp\/v2\/pages"}],"about":[{"href":"https:\/\/radio.uksw.edu.pl\/pl\/wp-json\/wp\/v2\/types\/page"}],"author":[{"embeddable":true,"href":"https:\/\/radio.uksw.edu.pl\/pl\/wp-json\/wp\/v2\/users\/1"}],"replies":[{"embeddable":true,"href":"https:\/\/radio.uksw.edu.pl\/pl\/wp-json\/wp\/v2\/comments?post=3803"}],"version-history":[{"count":12,"href":"https:\/\/radio.uksw.edu.pl\/pl\/wp-json\/wp\/v2\/pages\/3803\/revisions"}],"predecessor-version":[{"id":5789,"href":"https:\/\/radio.uksw.edu.pl\/pl\/wp-json\/wp\/v2\/pages\/3803\/revisions\/5789"}],"wp:featuredmedia":[{"embeddable":true,"href":"https:\/\/radio.uksw.edu.pl\/pl\/wp-json\/wp\/v2\/media\/4739"}],"wp:attachment":[{"href":"https:\/\/radio.uksw.edu.pl\/pl\/wp-json\/wp\/v2\/media?parent=3803"}],"curies":[{"name":"wp","href":"https:\/\/api.w.org\/{rel}","templated":true}]}}