{"id":3802,"date":"2024-11-08T20:45:34","date_gmt":"2024-11-08T19:45:34","guid":{"rendered":"https:\/\/jednostki.uksw.edu.pl\/radio\/programy\/magazyn-e-sportowy\/"},"modified":"2025-11-03T17:21:33","modified_gmt":"2025-11-03T16:21:33","slug":"magazyn-e-sportowy","status":"publish","type":"page","link":"https:\/\/radio.uksw.edu.pl\/programy\/magazyn-e-sportowy\/","title":{"rendered":"Magazyn e-sportowy"},"content":{"rendered":"\n<p>Magazyn e-sportowy, to\u00a0doskona\u0142e miejsce dla fan\u00f3w gier komputerowych. W\u00a0podcastach poruszamy r\u00f3\u017cne tematy, jednak na\u00a0pierwszym miejscu znajduje si\u0119 Leauge of Legends. Je\u015bli mieli\u015bcie ju\u017c do\u00a0czynienia z\u00a0t\u0105 gr\u0105, to\u00a0b\u0119dziecie tu mogli pozna\u0107 wiele ciekawych informacji na\u00a0temat samej rozgrywki, dowiedzie\u0107 si\u0119 o\u00a0niebanalnych analizach, pos\u0142ucha\u0107 Lorowych historii postaci, a\u00a0tak\u017ce by\u0107 na\u00a0bie\u017c\u0105co z\u00a0wydarzeniami na\u00a0scenie E-sportowej.<\/p>\n\n\n\n<p><strong>Archiwum audycji:<\/strong><\/p>\n\n\n\n<p><strong>24&nbsp;kwietnia 2021<\/strong><\/p>\n\n\n\n<p>Tytu\u0142 audycji:&nbsp;<strong>Leauge of News<br><\/strong>Prowadz\u0105cy:&nbsp;<strong>Kuba Knap<\/strong><br>Go\u015bcie:&nbsp;<strong>Tomasz R\u0105czka, Damian Karolewski<\/strong><br>Temat: Jak patch 11.9&nbsp;wp\u0142ynie ma MSI oraz&nbsp;turniej AZS.<\/p>\n\n\n\n<div class=\"wp-block-columns\">\n<div class=\"wp-block-column\">\n<figure class=\"wp-block-audio\"><audio controls src=\"https:\/\/radio.uksw.edu.pl\/wp-content\/uploads\/sites\/32\/2022\/11\/1-1.mp3\"><\/audio><\/figure>\n<\/div>\n\n\n\n<div class=\"wp-block-column\"><\/div>\n<\/div>\n\n\n\n<hr class=\"wp-block-separator has-alpha-channel-opacity\" \/>\n\n\n\n<p><strong>17&nbsp;kwietnia 2021<\/strong><\/p>\n\n\n\n<p>Tytu\u0142 audycji:&nbsp;<strong>Leauge of News<br><\/strong>Prowadz\u0105cy:&nbsp;<strong>Kuba Knap<\/strong><br>Go\u015bcie:&nbsp;<strong>Pawe\u0142 Karaszkiewicz, Oliver Al Shehabi<br><\/strong>Temat: Fina\u0142 MAD Lions vs. Rogue oraz&nbsp;zbli\u017caj\u0105ce si\u0119 MSI.<\/p>\n\n\n\n<div class=\"wp-block-columns\">\n<div class=\"wp-block-column\">\n<figure class=\"wp-block-audio\"><audio controls src=\"https:\/\/radio.uksw.edu.pl\/wp-content\/uploads\/sites\/32\/2022\/11\/2.mp3\"><\/audio><\/figure>\n<\/div>\n\n\n\n<div class=\"wp-block-column\"><\/div>\n<\/div>\n\n\n\n<hr class=\"wp-block-separator has-alpha-channel-opacity\" \/>\n\n\n\n<p><strong>10&nbsp;kwietnia 2021<\/strong><\/p>\n\n\n\n<p>Tytu\u0142 audycji:&nbsp;<strong>Leauge of News<br><\/strong>Prowadz\u0105cy:&nbsp;<strong>Kuba Knap<br><\/strong>Go\u015b\u0107:&nbsp;<strong>Oliver Al Shehabi<br><\/strong>Temat rozmowy: Przebieg pierwszej i&nbsp;drugiej rundy europejskich playoff\u00f3w.<\/p>\n\n\n\n<div class=\"wp-block-columns\">\n<div class=\"wp-block-column\">\n<figure class=\"wp-block-audio\"><audio controls src=\"https:\/\/radio.uksw.edu.pl\/wp-content\/uploads\/sites\/32\/2022\/11\/3-1.mp3\"><\/audio><\/figure>\n<\/div>\n\n\n\n<div class=\"wp-block-column\"><\/div>\n<\/div>\n\n\n\n<hr class=\"wp-block-separator has-alpha-channel-opacity\" \/>\n\n\n\n<p><strong>9&nbsp;kwietnia 2021<\/strong><\/p>\n\n\n\n<p>Tytu\u0142:&nbsp;<strong>Turniej e-sportowy AZS<br><\/strong>Prowadz\u0105cy:&nbsp;<strong>Kuba Knap<br><\/strong>Go\u015bcie:&nbsp;<strong>Damian Karolewski, Tomasz R\u0105czka<br><\/strong>Opis rozmowy: Nieca\u0142e 20&nbsp;minut zaj\u0119\u0142o nam om\u00f3wienie przebiegu organizacji oraz&nbsp;formatu, w&nbsp;jakim b\u0119dzie odbywa\u0142 si\u0119 turniej e-sportowy zorganizowany przez&nbsp;Akademicki Zwi\u0105zek Sportowy. Gdzie mo\u017cna obejrze\u0107, jakie s\u0105 plany na&nbsp;nast\u0119pne turnieje, a&nbsp;tak\u017ce o&nbsp;stypendiach za&nbsp;osi\u0105gni\u0119cie wysokich miejsc.<\/p>\n\n\n\n<div class=\"wp-block-columns\">\n<div class=\"wp-block-column\">\n<figure class=\"wp-block-audio\"><audio controls src=\"https:\/\/radio.uksw.edu.pl\/wp-content\/uploads\/sites\/32\/2022\/11\/4-1.mp3\"><\/audio><\/figure>\n<\/div>\n\n\n\n<div class=\"wp-block-column\"><\/div>\n<\/div>\n\n\n\n<hr class=\"wp-block-separator has-alpha-channel-opacity\" \/>\n\n\n\n<p><strong>27&nbsp;marca 2021<\/strong><\/p>\n\n\n\n<p>Tytu\u0142 audycji:&nbsp;<strong>Leauge of News<\/strong><br>Prowadz\u0105cy:&nbsp;<strong>Kuba Knap<\/strong><br>Temat rozmowy: Om\u00f3wienie statystyk dru\u017cyn, kt\u00f3re dosta\u0142y si\u0119 do&nbsp;europejskich playoff\u00f3w.<\/p>\n\n\n\n<div class=\"wp-block-columns\">\n<div class=\"wp-block-column\">\n<figure class=\"wp-block-audio\"><audio controls src=\"https:\/\/radio.uksw.edu.pl\/wp-content\/uploads\/sites\/32\/2022\/11\/5.mp3\"><\/audio><\/figure>\n<\/div>\n\n\n\n<div class=\"wp-block-column\"><\/div>\n<\/div>\n\n\n\n<hr class=\"wp-block-separator has-alpha-channel-opacity\" \/>\n\n\n\n<p><strong>20&nbsp;marca 2021<\/strong><\/p>\n\n\n\n<p>Tytu\u0142 audycji:&nbsp;<strong>Leauge of News<\/strong><br>Prowadz\u0105cy:&nbsp;<strong>Kuba Knap<\/strong><br>Go\u015b\u0107:&nbsp;<strong>Szymon Knap<\/strong><br>Temat rozmowy: Szanse dru\u017cyn w&nbsp;playoffach, quizz oraz&nbsp;patch 11.6.<\/p>\n\n\n\n<div class=\"wp-block-columns\">\n<div class=\"wp-block-column\">\n<figure class=\"wp-block-audio\"><audio controls src=\"https:\/\/radio.uksw.edu.pl\/wp-content\/uploads\/sites\/32\/2022\/11\/6.mp3\"><\/audio><\/figure>\n<\/div>\n\n\n\n<div class=\"wp-block-column\"><\/div>\n<\/div>\n\n\n\n<hr class=\"wp-block-separator has-alpha-channel-opacity\" \/>\n\n\n\n<p><strong>13&nbsp;marca 2021<\/strong><\/p>\n\n\n\n<p>Tytu\u0142 audycji:&nbsp;<strong>Leauge of News<br><\/strong>Prowadz\u0105cy:&nbsp;<strong>Kuba Knap<br><\/strong>Go\u015b\u0107:&nbsp;<strong>Oliver Al Shehabi<br><\/strong>Temat rozmowy: Om\u00f3wienie przedostatniego tygodnia LEC oraz&nbsp;mecz\u00f3w Superweeku.<\/p>\n\n\n\n<div class=\"wp-block-columns\">\n<div class=\"wp-block-column\">\n<figure class=\"wp-block-audio\"><audio controls src=\"https:\/\/radio.uksw.edu.pl\/wp-content\/uploads\/sites\/32\/2022\/11\/7.mp3\"><\/audio><\/figure>\n<\/div>\n\n\n\n<div class=\"wp-block-column\"><\/div>\n<\/div>\n\n\n\n<hr class=\"wp-block-separator has-alpha-channel-opacity\" \/>\n\n\n\n<p><strong>6&nbsp;marca 2021<\/strong><\/p>\n\n\n\n<p>Tytu\u0142 audycji:&nbsp;<strong>Leauge of News<br><\/strong>Prowadz\u0105cy:&nbsp;<strong>Kuba Knap<br><\/strong>Go\u015bcie:<strong>&nbsp;Przemys\u0142aw Markowicz, Filip Mi\u0119kus<br><\/strong>Temat rozmowy: E-sport oczami osoby niepe\u0142nosprawnej oraz&nbsp;wspominki starego Lola.<\/p>\n\n\n\n<div class=\"wp-block-columns\">\n<div class=\"wp-block-column\">\n<figure class=\"wp-block-audio\"><audio controls src=\"https:\/\/radio.uksw.edu.pl\/wp-content\/uploads\/sites\/32\/2022\/11\/8.mp3\"><\/audio><figcaption class=\"wp-element-caption\">tu mo\u017cecie wesprze\u0107 naszego go\u015bcia Przemka &nbsp;<a href=\"https:\/\/www.facebook.com\/pshemixhs\">(profil Facebook)<\/a><\/figcaption><\/figure>\n<\/div>\n\n\n\n<div class=\"wp-block-column\"><\/div>\n<\/div>\n\n\n\n<hr class=\"wp-block-separator has-alpha-channel-opacity\" \/>\n\n\n\n<p><strong>27&nbsp;lutego 2021<\/strong><\/p>\n\n\n\n<p>Tytu\u0142 audycji:&nbsp;<strong>Leauge of News<\/strong><br>Prowadz\u0105cy:&nbsp;<strong>Kuba Knap<\/strong><br>Go\u015b\u0107:&nbsp;<strong>Szymon Frelian<\/strong><br>Temat rozmowy: Bie\u017c\u0105ce wydarzenia w&nbsp;LCS i&nbsp;LEC, om\u00f3wienie patcha 11.4<\/p>\n\n\n\n<div class=\"wp-block-columns\">\n<div class=\"wp-block-column\">\n<figure class=\"wp-block-audio\"><audio controls src=\"https:\/\/radio.uksw.edu.pl\/wp-content\/uploads\/sites\/32\/2022\/11\/9.mp3\"><\/audio><\/figure>\n<\/div>\n\n\n\n<div class=\"wp-block-column\"><\/div>\n<\/div>\n\n\n\n<hr class=\"wp-block-separator has-alpha-channel-opacity\" \/>\n","protected":false},"excerpt":{"rendered":"<p>Magazyn e-sportowy, to\u00a0doskona\u0142e miejsce dla fan\u00f3w gier komputerowych. W\u00a0podcastach poruszamy r\u00f3\u017cne tematy, jednak na\u00a0pierwszym miejscu znajduje si\u0119 Leauge of Legends. Je\u015bli mieli\u015bcie ju\u017c do\u00a0czynienia z\u00a0t\u0105 gr\u0105, to\u00a0b\u0119dziecie tu mogli pozna\u0107 wiele ciekawych informacji na\u00a0temat samej rozgrywki, dowiedzie\u0107 si\u0119 o\u00a0niebanalnych analizach, pos\u0142ucha\u0107 Lorowych historii postaci, a\u00a0tak\u017ce by\u0107 na\u00a0bie\u017c\u0105co z\u00a0wydarzeniami na\u00a0scenie E-sportowej. Archiwum audycji: 24&nbsp;kwietnia 2021 Tytu\u0142 [&hellip;]<\/p>\n","protected":false},"author":1,"featured_media":4737,"parent":3796,"menu_order":8,"comment_status":"closed","ping_status":"closed","template":"page-templates\/template-sub-page.php","meta":{"_acf_changed":false,"inline_featured_image":false,"footnotes":"","_links_to":"","_links_to_target":""},"class_list":["post-3802","page","type-page","status-publish","has-post-thumbnail","hentry"],"acf":[],"_links":{"self":[{"href":"https:\/\/radio.uksw.edu.pl\/pl\/wp-json\/wp\/v2\/pages\/3802","targetHints":{"allow":["GET"]}}],"collection":[{"href":"https:\/\/radio.uksw.edu.pl\/pl\/wp-json\/wp\/v2\/pages"}],"about":[{"href":"https:\/\/radio.uksw.edu.pl\/pl\/wp-json\/wp\/v2\/types\/page"}],"author":[{"embeddable":true,"href":"https:\/\/radio.uksw.edu.pl\/pl\/wp-json\/wp\/v2\/users\/1"}],"replies":[{"embeddable":true,"href":"https:\/\/radio.uksw.edu.pl\/pl\/wp-json\/wp\/v2\/comments?post=3802"}],"version-history":[{"count":11,"href":"https:\/\/radio.uksw.edu.pl\/pl\/wp-json\/wp\/v2\/pages\/3802\/revisions"}],"predecessor-version":[{"id":6071,"href":"https:\/\/radio.uksw.edu.pl\/pl\/wp-json\/wp\/v2\/pages\/3802\/revisions\/6071"}],"up":[{"embeddable":true,"href":"https:\/\/radio.uksw.edu.pl\/pl\/wp-json\/wp\/v2\/pages\/3796"}],"wp:featuredmedia":[{"embeddable":true,"href":"https:\/\/radio.uksw.edu.pl\/pl\/wp-json\/wp\/v2\/media\/4737"}],"wp:attachment":[{"href":"https:\/\/radio.uksw.edu.pl\/pl\/wp-json\/wp\/v2\/media?parent=3802"}],"curies":[{"name":"wp","href":"https:\/\/api.w.org\/{rel}","templated":true}]}}