{"id":3800,"date":"2022-11-15T10:37:28","date_gmt":"2022-11-15T09:37:28","guid":{"rendered":"https:\/\/jednostki.uksw.edu.pl\/radio\/programy\/magazyn-kulturalny\/"},"modified":"2025-11-03T17:22:31","modified_gmt":"2025-11-03T16:22:31","slug":"magazyn-kulturalny","status":"publish","type":"page","link":"https:\/\/radio.uksw.edu.pl\/programy\/magazyn-kulturalny\/","title":{"rendered":"Magazyn kulturalny"},"content":{"rendered":"\n<p>\u017beby by\u0142 ten tekst: Spektakl, film czy\u00a0ksi\u0105\u017cka? W\u00a0redakcji kultury nie\u00a0musisz wybiera\u0107! Pos\u0142uchasz tutaj o\u00a0nowinkach kulturalnych, poznasz ciekawych ludzi kultury i\u00a0us\u0142yszysz najlepsze polecajki zwi\u0105zane ze\u00a0sztuk\u0105. \u015aled\u017acie nas na\u00a0bie\u017c\u0105co, cz\u0119sto robimy konkursy z\u00a0atrakcyjnymi nagrodami! Dzi\u0119ki nim mo\u017cecie zar\u00f3wno s\u0142ucha\u0107, jak i\u00a0konsumowa\u0107 wybrane przez\u00a0nas dzie\u0142a.<\/p>\n\n\n\n<h2 class=\"wp-block-heading\">Redakcja magazynu kultury:<\/h2>\n\n\n\n<h3 class=\"wp-block-heading\">Wydawcy:<\/h3>\n\n\n\n<ul class=\"wp-block-list\">\n<li>Sylwia Czernysz<\/li>\n\n\n\n<li>Anna Czartoryjska<\/li>\n<\/ul>\n\n\n\n<h3 class=\"wp-block-heading\">Redaktorzy:<\/h3>\n\n\n\n<ul class=\"wp-block-list\">\n<li>Pawe\u0142 Brzezinka<\/li>\n\n\n\n<li>Julia Mandykowska<\/li>\n\n\n\n<li>Dawid Sujata<\/li>\n\n\n\n<li>Paulina Jedli\u0144ska<\/li>\n\n\n\n<li>Natalia Filipczak<\/li>\n\n\n\n<li>Marta Szyma\u0144ska<\/li>\n\n\n\n<li>Kamil Szewko<\/li>\n\n\n\n<li>Zuzanna Witkiewicz<\/li>\n\n\n\n<li>Karolina Majtas<\/li>\n<\/ul>\n\n\n\n<h3 class=\"wp-block-heading\">Monta\u017cysta:<\/h3>\n\n\n\n<ul class=\"wp-block-list\">\n<li>Konrad Abramek Abramowicz<\/li>\n<\/ul>\n\n\n\n<h3 class=\"wp-block-heading\">Dzia\u0142 promocji:<\/h3>\n\n\n\n<ul class=\"wp-block-list\">\n<li>Sylwia Czernysz<\/li>\n\n\n\n<li>Anna Czartoryjska<\/li>\n\n\n\n<li>Natalia Filipczak<\/li>\n\n\n\n<li>Julia Mandykowska<\/li>\n<\/ul>\n","protected":false},"excerpt":{"rendered":"<p>\u017beby by\u0142 ten tekst: Spektakl, film czy\u00a0ksi\u0105\u017cka? W\u00a0redakcji kultury nie\u00a0musisz wybiera\u0107! Pos\u0142uchasz tutaj o\u00a0nowinkach kulturalnych, poznasz ciekawych ludzi kultury i\u00a0us\u0142yszysz najlepsze polecajki zwi\u0105zane ze\u00a0sztuk\u0105. \u015aled\u017acie nas na\u00a0bie\u017c\u0105co, cz\u0119sto robimy konkursy z\u00a0atrakcyjnymi nagrodami! Dzi\u0119ki nim mo\u017cecie zar\u00f3wno s\u0142ucha\u0107, jak i\u00a0konsumowa\u0107 wybrane przez\u00a0nas dzie\u0142a. Redakcja magazynu kultury: Wydawcy: Redaktorzy: Monta\u017cysta: Dzia\u0142 promocji:<\/p>\n","protected":false},"author":1,"featured_media":4732,"parent":3796,"menu_order":6,"comment_status":"closed","ping_status":"closed","template":"page-templates\/template-sub-page.php","meta":{"_acf_changed":false,"inline_featured_image":false,"footnotes":"","_links_to":"","_links_to_target":""},"class_list":["post-3800","page","type-page","status-publish","has-post-thumbnail","hentry"],"acf":[],"_links":{"self":[{"href":"https:\/\/radio.uksw.edu.pl\/pl\/wp-json\/wp\/v2\/pages\/3800","targetHints":{"allow":["GET"]}}],"collection":[{"href":"https:\/\/radio.uksw.edu.pl\/pl\/wp-json\/wp\/v2\/pages"}],"about":[{"href":"https:\/\/radio.uksw.edu.pl\/pl\/wp-json\/wp\/v2\/types\/page"}],"author":[{"embeddable":true,"href":"https:\/\/radio.uksw.edu.pl\/pl\/wp-json\/wp\/v2\/users\/1"}],"replies":[{"embeddable":true,"href":"https:\/\/radio.uksw.edu.pl\/pl\/wp-json\/wp\/v2\/comments?post=3800"}],"version-history":[{"count":5,"href":"https:\/\/radio.uksw.edu.pl\/pl\/wp-json\/wp\/v2\/pages\/3800\/revisions"}],"predecessor-version":[{"id":6072,"href":"https:\/\/radio.uksw.edu.pl\/pl\/wp-json\/wp\/v2\/pages\/3800\/revisions\/6072"}],"up":[{"embeddable":true,"href":"https:\/\/radio.uksw.edu.pl\/pl\/wp-json\/wp\/v2\/pages\/3796"}],"wp:featuredmedia":[{"embeddable":true,"href":"https:\/\/radio.uksw.edu.pl\/pl\/wp-json\/wp\/v2\/media\/4732"}],"wp:attachment":[{"href":"https:\/\/radio.uksw.edu.pl\/pl\/wp-json\/wp\/v2\/media?parent=3800"}],"curies":[{"name":"wp","href":"https:\/\/api.w.org\/{rel}","templated":true}]}}